{"id":9,"date":"2019-07-07T08:23:10","date_gmt":"2019-07-07T08:23:10","guid":{"rendered":"https:\/\/graverstvo.info\/trgovina\/?post_type=product&#038;p=9"},"modified":"2021-04-04T09:21:00","modified_gmt":"2021-04-04T09:21:00","slug":"graviran-obesek-za-psa-kost","status":"publish","type":"product","link":"https:\/\/graverstvo.info\/trgovina\/izdelek\/graviran-obesek-za-psa-kost\/","title":{"rendered":"Graviran obesek za psa &#8211; Kost"},"content":{"rendered":"<p>Graviran obesek za psa &#8211; Kost.<\/p>\n<ul>\n<li>Ve\u010dja varnost za va\u0161e hi\u0161ne ljubljen\u010dke<\/li>\n<li>Kovinski neizbrisljiv graviran obesek<\/li>\n<li>Na voljo v razli\u010dnih barvah &#8211; enkratna kombinacija z ovratnico<\/li>\n<li>Kakovosten obesek za dolgo obstojnost<\/li>\n<li>Z gravuro va\u0161ega telefona, e-maila,&#8230; ki omogo\u010da nekomu , ki je \u017eival na\u0161el, da vas takoj kontaktira<\/li>\n<li>Prilo\u017eena robustna rinka, ki pove\u017ee <a href=\"https:\/\/graverstvo.info\/trgovina\/product\/graviran-obesek-za-muce\/\">graviran obesek<\/a> z ovratnico<\/li>\n<li>Hitra izdelava 1-3 dni<\/li>\n<li>Ne povzro\u010da alergij<\/li>\n<li>Vodoodporen<\/li>\n<li>Velikost graviranega obeska <span id=\"sku_102271228964527_100014064_self\" class=\"val\" data-spm-anchor-id=\"a2g0s.9042311.0.i3.27424c4d5q3VlZ\">38 x 25 mm<\/span><\/li>\n<li>Lahek iz eloksiranega aluminija<\/li>\n<li>Neizbrisljiva gravura<\/li>\n<\/ul>\n<figure id=\"attachment_22\" aria-describedby=\"caption-attachment-22\" style=\"width: 300px\" class=\"wp-caption alignnone\"><img fetchpriority=\"high\" decoding=\"async\" class=\"wp-image-22 size-medium\" src=\"https:\/\/graverstvo.info\/trgovina\/wp-content\/uploads\/2019\/07\/gravirani-obeski-za-pse-1-300x278.jpg\" alt=\"Graviran obesek za psa\" width=\"300\" height=\"278\" srcset=\"https:\/\/graverstvo.info\/trgovina\/wp-content\/uploads\/2019\/07\/gravirani-obeski-za-pse-1-300x278.jpg 300w, https:\/\/graverstvo.info\/trgovina\/wp-content\/uploads\/2019\/07\/gravirani-obeski-za-pse-1-416x385.jpg 416w, https:\/\/graverstvo.info\/trgovina\/wp-content\/uploads\/2019\/07\/gravirani-obeski-za-pse-1-65x60.jpg 65w, https:\/\/graverstvo.info\/trgovina\/wp-content\/uploads\/2019\/07\/gravirani-obeski-za-pse-1-97x90.jpg 97w, https:\/\/graverstvo.info\/trgovina\/wp-content\/uploads\/2019\/07\/gravirani-obeski-za-pse-1.jpg 471w\" sizes=\"(max-width: 300px) 100vw, 300px\" \/><figcaption id=\"caption-attachment-22\" class=\"wp-caption-text\">Graviran obesek za psa<\/figcaption><\/figure>\n<p>&nbsp;<\/p>\n<hr \/>\n<h4>Zanimivost:<\/h4>\n<p>Doma\u010di p\u00e8s (znanstveno ime Canis lupus familiaris) je \u0161tirino\u017eni sesalec iz dru\u017eine psov, podvrsta volka, ki so jo udoma\u010dili pred skoraj 15.000 leti in je bil prva udoma\u010dena \u017eival. Od takrat so se psi raz\u0161irili po vsem svetu in spremljajo ljudi v ve\u010dini preteklih ter sedanjih kultur, kot delovne \u017eivali, \u010duvaji, lovski pomo\u010dniki ali samo hi\u0161ni ljubljen\u010dki. Po novej\u0161ih grobih ocenah \u0161teje celotna svetovna populacija med 700 milijoni in milijardo psov, s \u010demer so naj\u0161tevil\u010dnej\u0161i plenilci na Zemlji.<\/p>\n<p>Za dejavnosti vzrejanja, vzgoje in neformalnega preu\u010devanja psov se uporablja skupni izraz kinologija, znanstveno pa pse prou\u010dujejo zoologi.<\/p>\n<h4>Pasme psov<\/h4>\n<p>Razvrstitev kinologov na pasme in skupine pasem je nesistemati\u010dna, saj deli pse predvsem po videzu in funkciji namesto po sorodnosti. Pasme se genetsko razlikujejo med seboj in tudi po tej plati je doma\u010di pes ena najbolj raznolikih vrst doma\u010dih \u017eivali. Sode\u010d po eni genetski analizi tvorijo pasme \u0161tiri glavne razrede ali \u00bbtipe\u00ab: to so t. i. \u00bbpsi starega sveta\u00ab (npr. malamut in \u0161arpej), \u00bbmastifski\u00ab tip (npr. angle\u0161ki mastif), \u00bbov\u010darski\u00ab tip (npr. borderski ov\u010dar) in \u00bbvsi drugi\u00ab (tudi \u00bbsodobni\u00ab ali \u00bblovski\u00ab tip), novej\u0161a analiza z vklju\u010denimi \u0161e ve\u010d pasmami pa je razkrila \u0161e peti, \u00bbgorski tip\u00ab (del mastifov in \u0161panjelov). Za ve\u010d pasem, kakr\u0161na je denimo faraonski pes, velja med ljubitelji in rejci prepri\u010danje, da so starodavne, vendar genetske zna\u010dilnosti razkrivajo, da na stare upodobitve spominja samo videz, ki je bil dose\u017een razmeroma pred kratkim s kri\u017eanjem razli\u010dnih pasem.<\/p>\n<hr \/>\n<p><a href=\"http:\/\/www.stampiljke.net\">www.stampiljke.net<\/a><\/p>\n<hr \/>\n<blockquote class=\"wp-embedded-content\" data-secret=\"CB0Ka4Mr87\"><p><a href=\"https:\/\/www.nalepke.net\/Artikel\/prosim-pocistite-za-psom-iztrebki\/\">Prosim po\u010distite za psom &#8211; iztrebki<\/a><\/p><\/blockquote>\n<p><iframe class=\"wp-embedded-content\" sandbox=\"allow-scripts\" security=\"restricted\" style=\"position: absolute; clip: rect(1px, 1px, 1px, 1px);\" title=\"&#8220;Prosim po\u010distite za psom &#8211; iztrebki&#8221; &#8212; www.Nalepke.net\" src=\"https:\/\/www.nalepke.net\/Artikel\/prosim-pocistite-za-psom-iztrebki\/embed\/#?secret=CB0Ka4Mr87\" data-secret=\"CB0Ka4Mr87\" width=\"600\" height=\"338\" frameborder=\"0\" marginwidth=\"0\" marginheight=\"0\" scrolling=\"no\"><\/iframe><\/p>\n","protected":false},"excerpt":{"rendered":"<p>Graviran obesek za psa &#8211; Kost. Ve\u010dja varnost za va\u0161e hi\u0161ne ljubljen\u010dke Kovinski neizbrisljiv graviran obesek Na voljo v razli\u010dnih barvah &#8211; enkratna kombinacija z ovratnico Kakovosten obesek za dolgo obstojnost Z gravuro va\u0161ega telefona, e-maila,&#8230; ki omogo\u010da nekomu , ki je \u017eival na\u0161el, da vas takoj kontaktira Prilo\u017eena robustna rinka, ki pove\u017ee graviran obesek [&hellip;]<\/p>\n","protected":false},"featured_media":129,"template":"","meta":{"_monsterinsights_skip_tracking":false,"_monsterinsights_sitenote_active":false,"_monsterinsights_sitenote_note":"","_monsterinsights_sitenote_category":0,"loftloader_page_shortcode":""},"product_brand":[],"product_cat":[31,15],"product_tag":[29,20,30,19,28,21],"class_list":{"0":"post-9","1":"product","2":"type-product","3":"status-publish","4":"has-post-thumbnail","6":"product_cat-obeski-za-zivali","7":"product_cat-gravirani-obeski-za-pse","8":"product_tag-gravirani-obeski-za-pse","9":"product_tag-hisni_ljubljencki","10":"product_tag-obesek-za-psa","11":"product_tag-obesek_za_zivali_z_gravuro","12":"product_tag-obeski-za-pse","13":"product_tag-psi","14":"wcpa_has_options","16":"first","17":"instock","18":"sale","19":"sold-individually","20":"shipping-taxable","21":"purchasable","22":"product-type-variable"},"aioseo_notices":[],"_links":{"self":[{"href":"https:\/\/graverstvo.info\/trgovina\/wp-json\/wp\/v2\/product\/9","targetHints":{"allow":["GET"]}}],"collection":[{"href":"https:\/\/graverstvo.info\/trgovina\/wp-json\/wp\/v2\/product"}],"about":[{"href":"https:\/\/graverstvo.info\/trgovina\/wp-json\/wp\/v2\/types\/product"}],"wp:featuredmedia":[{"embeddable":true,"href":"https:\/\/graverstvo.info\/trgovina\/wp-json\/wp\/v2\/media\/129"}],"wp:attachment":[{"href":"https:\/\/graverstvo.info\/trgovina\/wp-json\/wp\/v2\/media?parent=9"}],"wp:term":[{"taxonomy":"product_brand","embeddable":true,"href":"https:\/\/graverstvo.info\/trgovina\/wp-json\/wp\/v2\/product_brand?post=9"},{"taxonomy":"product_cat","embeddable":true,"href":"https:\/\/graverstvo.info\/trgovina\/wp-json\/wp\/v2\/product_cat?post=9"},{"taxonomy":"product_tag","embeddable":true,"href":"https:\/\/graverstvo.info\/trgovina\/wp-json\/wp\/v2\/product_tag?post=9"}],"curies":[{"name":"wp","href":"https:\/\/api.w.org\/{rel}","templated":true}]}}