{"id":881,"date":"2021-04-06T13:41:06","date_gmt":"2021-04-06T12:41:06","guid":{"rendered":"https:\/\/graverstvo.info\/trgovina\/?post_type=product&#038;p=881"},"modified":"2021-04-09T20:09:06","modified_gmt":"2021-04-09T19:09:06","slug":"personalizirana-gravura-na-sekiro","status":"publish","type":"product","link":"https:\/\/graverstvo.info\/trgovina\/izdelek\/personalizirana-gravura-na-sekiro\/","title":{"rendered":"Personalizirana gravura na sekiro"},"content":{"rendered":"<p>Gravura na ro\u010daj do dol\u017eine max. 10 cm. Poljubna gravura logotipa ali napisa na va\u0161o \u017eeljo.<\/p>\n","protected":false},"excerpt":{"rendered":"<p>Gravura na ro\u010daj do dol\u017eine max. 10 cm. Poljubna gravura logotipa ali napisa na va\u0161o \u017eeljo.<\/p>\n","protected":false},"featured_media":882,"template":"","meta":{"_monsterinsights_skip_tracking":false,"_monsterinsights_sitenote_active":false,"_monsterinsights_sitenote_note":"","_monsterinsights_sitenote_category":0,"loftloader_page_shortcode":""},"product_brand":[],"product_cat":[33],"product_tag":[],"class_list":{"0":"post-881","1":"product","2":"type-product","3":"status-publish","4":"has-post-thumbnail","6":"product_cat-personalizirana-gravirana-darila","8":"first","9":"instock","10":"shipping-taxable","11":"purchasable","12":"product-type-simple"},"aioseo_notices":[],"_links":{"self":[{"href":"https:\/\/graverstvo.info\/trgovina\/wp-json\/wp\/v2\/product\/881","targetHints":{"allow":["GET"]}}],"collection":[{"href":"https:\/\/graverstvo.info\/trgovina\/wp-json\/wp\/v2\/product"}],"about":[{"href":"https:\/\/graverstvo.info\/trgovina\/wp-json\/wp\/v2\/types\/product"}],"wp:featuredmedia":[{"embeddable":true,"href":"https:\/\/graverstvo.info\/trgovina\/wp-json\/wp\/v2\/media\/882"}],"wp:attachment":[{"href":"https:\/\/graverstvo.info\/trgovina\/wp-json\/wp\/v2\/media?parent=881"}],"wp:term":[{"taxonomy":"product_brand","embeddable":true,"href":"https:\/\/graverstvo.info\/trgovina\/wp-json\/wp\/v2\/product_brand?post=881"},{"taxonomy":"product_cat","embeddable":true,"href":"https:\/\/graverstvo.info\/trgovina\/wp-json\/wp\/v2\/product_cat?post=881"},{"taxonomy":"product_tag","embeddable":true,"href":"https:\/\/graverstvo.info\/trgovina\/wp-json\/wp\/v2\/product_tag?post=881"}],"curies":[{"name":"wp","href":"https:\/\/api.w.org\/{rel}","templated":true}]}}