{"id":575,"date":"2020-08-18T10:58:35","date_gmt":"2020-08-18T10:58:35","guid":{"rendered":"https:\/\/graverstvo.info\/trgovina\/?post_type=product&#038;p=575"},"modified":"2021-04-04T09:20:50","modified_gmt":"2021-04-04T09:20:50","slug":"graviran-obesek-za-psa-bernardinec","status":"publish","type":"product","link":"https:\/\/graverstvo.info\/trgovina\/izdelek\/graviran-obesek-za-psa-bernardinec\/","title":{"rendered":"Graviran obesek za psa &#8211; bernardinec"},"content":{"rendered":"<p>Graviran obesek za psa &#8211; bernardinec<\/p>\n<ul>\n<li>Ve\u010dja varnost za va\u0161e hi\u0161ne ljubljen\u010dke<\/li>\n<li>Kovinski neizbrisljiv graviran obesek<\/li>\n<li>Na voljo v razli\u010dnih barvah &#8211; enkratna kombinacija z ovratnico<\/li>\n<li>Kakovosten obesek za dolgo obstojnost<\/li>\n<li>Z gravuro va\u0161ega telefona, e-maila,&#8230; ki omogo\u010da nekomu , ki je \u017eival na\u0161el, da vas takoj kontaktira<\/li>\n<li>Prilo\u017eena robustna rinka, ki pove\u017ee <a href=\"https:\/\/graverstvo.info\/trgovina\/product\/graviran-obesek-za-muce\/\">graviran obesek<\/a> z ovratnico<\/li>\n<li>Hitra izdelava 1-3 dni<\/li>\n<li>Ne povzro\u010da alergij<\/li>\n<li>Vodoodporen<\/li>\n<li>Velikost graviranega obeska 48 x 40<span id=\"sku_102271228964527_100014064_self\" class=\"val\" data-spm-anchor-id=\"a2g0s.9042311.0.i3.27424c4d5q3VlZ\">\u00a0 mm<\/span><\/li>\n<li>Lahek iz eloksiranega aluminija<\/li>\n<li>Neizbrisljiva gravura<\/li>\n<li>Debelina 1 mm<\/li>\n<\/ul>\n<p>&nbsp;<\/p>\n<hr \/>\n<p><a href=\"http:\/\/www.stampiljke.net\">www.stampiljke.net<\/a><\/p>\n<hr \/>\n<p>&nbsp;<\/p>\n<p>&nbsp;<\/p>\n","protected":false},"excerpt":{"rendered":"<p>Graviran obesek za psa &#8211; bernardinec Ve\u010dja varnost za va\u0161e hi\u0161ne ljubljen\u010dke Kovinski neizbrisljiv graviran obesek Na voljo v razli\u010dnih barvah &#8211; enkratna kombinacija z ovratnico Kakovosten obesek za dolgo obstojnost Z gravuro va\u0161ega telefona, e-maila,&#8230; ki omogo\u010da nekomu , ki je \u017eival na\u0161el, da vas takoj kontaktira Prilo\u017eena robustna rinka, ki pove\u017ee graviran obesek [&hellip;]<\/p>\n","protected":false},"featured_media":585,"template":"","meta":{"_monsterinsights_skip_tracking":false,"_monsterinsights_sitenote_active":false,"_monsterinsights_sitenote_note":"","_monsterinsights_sitenote_category":0,"loftloader_page_shortcode":""},"product_brand":[],"product_cat":[31,15],"product_tag":[29,20,22,30,27,19,28,18],"class_list":{"0":"post-575","1":"product","2":"type-product","3":"status-publish","4":"has-post-thumbnail","6":"product_cat-obeski-za-zivali","7":"product_cat-gravirani-obeski-za-pse","8":"product_tag-gravirani-obeski-za-pse","9":"product_tag-hisni_ljubljencki","10":"product_tag-muce","11":"product_tag-obesek-za-psa","12":"product_tag-obesek-za-psa-gravirani-obeski-za-pse-obeski-za-pse","13":"product_tag-obesek_za_zivali_z_gravuro","14":"product_tag-obeski-za-pse","15":"product_tag-zivali","16":"wcpa_has_options","18":"first","19":"instock","20":"sale","21":"sold-individually","22":"shipping-taxable","23":"purchasable","24":"product-type-variable"},"aioseo_notices":[],"_links":{"self":[{"href":"https:\/\/graverstvo.info\/trgovina\/wp-json\/wp\/v2\/product\/575","targetHints":{"allow":["GET"]}}],"collection":[{"href":"https:\/\/graverstvo.info\/trgovina\/wp-json\/wp\/v2\/product"}],"about":[{"href":"https:\/\/graverstvo.info\/trgovina\/wp-json\/wp\/v2\/types\/product"}],"wp:featuredmedia":[{"embeddable":true,"href":"https:\/\/graverstvo.info\/trgovina\/wp-json\/wp\/v2\/media\/585"}],"wp:attachment":[{"href":"https:\/\/graverstvo.info\/trgovina\/wp-json\/wp\/v2\/media?parent=575"}],"wp:term":[{"taxonomy":"product_brand","embeddable":true,"href":"https:\/\/graverstvo.info\/trgovina\/wp-json\/wp\/v2\/product_brand?post=575"},{"taxonomy":"product_cat","embeddable":true,"href":"https:\/\/graverstvo.info\/trgovina\/wp-json\/wp\/v2\/product_cat?post=575"},{"taxonomy":"product_tag","embeddable":true,"href":"https:\/\/graverstvo.info\/trgovina\/wp-json\/wp\/v2\/product_tag?post=575"}],"curies":[{"name":"wp","href":"https:\/\/api.w.org\/{rel}","templated":true}]}}