{"id":415,"date":"2020-07-23T07:44:28","date_gmt":"2020-07-23T07:44:28","guid":{"rendered":"https:\/\/graverstvo.info\/trgovina\/?post_type=product&#038;p=415"},"modified":"2021-04-04T09:20:53","modified_gmt":"2021-04-04T09:20:53","slug":"graviran-obesek-za-psa-diamant-swarovsk","status":"publish","type":"product","link":"https:\/\/graverstvo.info\/trgovina\/izdelek\/graviran-obesek-za-psa-diamant-swarovsk\/","title":{"rendered":"Graviran obesek za psa &#8211; diamant"},"content":{"rendered":"<p>Graviran obesek za psa &#8211; diamant<\/p>\n<ul>\n<li>Ve\u010dja varnost za va\u0161e hi\u0161ne ljubljen\u010dke<\/li>\n<li>Kovinski neizbrisljiv graviran obesek<\/li>\n<li>Na voljo v razli\u010dnih barvah &#8211; enkratna kombinacija z ovratnico<\/li>\n<li>Kakovosten obesek za dolgo obstojnost<\/li>\n<li>Z gravuro va\u0161ega telefona, e-maila,&#8230; ki omogo\u010da nekomu , ki je \u017eival na\u0161el, da vas takoj kontaktira<\/li>\n<li>Prilo\u017eena robustna rinka, ki pove\u017ee <a href=\"https:\/\/graverstvo.info\/trgovina\/product\/graviran-obesek-za-muce\/\">graviran obesek<\/a> z ovratnico<\/li>\n<li>Hitra izdelava 1-3 dni<\/li>\n<li>Ne povzro\u010da alergij<\/li>\n<li>Vodoodporen<\/li>\n<li>Velikost graviranega obeska 40&#215;28<\/li>\n<li>Lahek iz eloksiranega aluminija<\/li>\n<li>Neizbrisljiva gravura<\/li>\n<li>Debelina 2 mm<\/li>\n<\/ul>\n<p><iframe title=\"\ud83d\udc36 Obeski za pse - gravirani obeski za pse \ud83d\udc36\" width=\"980\" height=\"551\" src=\"https:\/\/www.youtube.com\/embed\/pwTzbxY6YrY?feature=oembed\" frameborder=\"0\" allow=\"accelerometer; autoplay; clipboard-write; encrypted-media; gyroscope; picture-in-picture\" allowfullscreen><\/iframe><\/p>\n<hr \/>\n<blockquote class=\"wp-embedded-content\" data-secret=\"viumMagdm7\"><p><a href=\"https:\/\/www.nalepke.net\/Artikel\/prosim-pocistite-za-psom-iztrebki\/\">Prosim po\u010distite za psom &#8211; iztrebki<\/a><\/p><\/blockquote>\n<p><iframe class=\"wp-embedded-content\" sandbox=\"allow-scripts\" security=\"restricted\" style=\"position: absolute; clip: rect(1px, 1px, 1px, 1px);\" title=\"&#8220;Prosim po\u010distite za psom &#8211; iztrebki&#8221; &#8212; www.Nalepke.net\" src=\"https:\/\/www.nalepke.net\/Artikel\/prosim-pocistite-za-psom-iztrebki\/embed\/#?secret=viumMagdm7\" data-secret=\"viumMagdm7\" width=\"600\" height=\"338\" frameborder=\"0\" marginwidth=\"0\" marginheight=\"0\" scrolling=\"no\"><\/iframe><\/p>\n<hr \/>\n<p><a href=\"http:\/\/www.stampiljke.net\">www.stampiljke.net<\/a><\/p>\n<p><a href=\"https:\/\/youtu.be\/pwTzbxY6YrY\">Gravirani obeski za pse video<\/a><\/p>\n","protected":false},"excerpt":{"rendered":"<p>Graviran obesek za psa &#8211; diamant Ve\u010dja varnost za va\u0161e hi\u0161ne ljubljen\u010dke Kovinski neizbrisljiv graviran obesek Na voljo v razli\u010dnih barvah &#8211; enkratna kombinacija z ovratnico Kakovosten obesek za dolgo obstojnost Z gravuro va\u0161ega telefona, e-maila,&#8230; ki omogo\u010da nekomu , ki je \u017eival na\u0161el, da vas takoj kontaktira Prilo\u017eena robustna rinka, ki pove\u017ee graviran obesek [&hellip;]<\/p>\n","protected":false},"featured_media":426,"template":"","meta":{"_monsterinsights_skip_tracking":false,"_monsterinsights_sitenote_active":false,"_monsterinsights_sitenote_note":"","_monsterinsights_sitenote_category":0,"loftloader_page_shortcode":""},"product_brand":[],"product_cat":[31,15],"product_tag":[29,20,22,30,19,28,18],"class_list":{"0":"post-415","1":"product","2":"type-product","3":"status-publish","4":"has-post-thumbnail","6":"product_cat-obeski-za-zivali","7":"product_cat-gravirani-obeski-za-pse","8":"product_tag-gravirani-obeski-za-pse","9":"product_tag-hisni_ljubljencki","10":"product_tag-muce","11":"product_tag-obesek-za-psa","12":"product_tag-obesek_za_zivali_z_gravuro","13":"product_tag-obeski-za-pse","14":"product_tag-zivali","15":"wcpa_has_options","17":"first","18":"instock","19":"sold-individually","20":"shipping-taxable","21":"purchasable","22":"product-type-variable"},"aioseo_notices":[],"_links":{"self":[{"href":"https:\/\/graverstvo.info\/trgovina\/wp-json\/wp\/v2\/product\/415","targetHints":{"allow":["GET"]}}],"collection":[{"href":"https:\/\/graverstvo.info\/trgovina\/wp-json\/wp\/v2\/product"}],"about":[{"href":"https:\/\/graverstvo.info\/trgovina\/wp-json\/wp\/v2\/types\/product"}],"wp:featuredmedia":[{"embeddable":true,"href":"https:\/\/graverstvo.info\/trgovina\/wp-json\/wp\/v2\/media\/426"}],"wp:attachment":[{"href":"https:\/\/graverstvo.info\/trgovina\/wp-json\/wp\/v2\/media?parent=415"}],"wp:term":[{"taxonomy":"product_brand","embeddable":true,"href":"https:\/\/graverstvo.info\/trgovina\/wp-json\/wp\/v2\/product_brand?post=415"},{"taxonomy":"product_cat","embeddable":true,"href":"https:\/\/graverstvo.info\/trgovina\/wp-json\/wp\/v2\/product_cat?post=415"},{"taxonomy":"product_tag","embeddable":true,"href":"https:\/\/graverstvo.info\/trgovina\/wp-json\/wp\/v2\/product_tag?post=415"}],"curies":[{"name":"wp","href":"https:\/\/api.w.org\/{rel}","templated":true}]}}