{"id":179,"date":"2019-07-07T17:29:31","date_gmt":"2019-07-07T17:29:31","guid":{"rendered":"https:\/\/graverstvo.info\/trgovina\/?post_type=product&#038;p=179"},"modified":"2021-04-04T09:20:59","modified_gmt":"2021-04-04T09:20:59","slug":"graviran-obesek-za-macko","status":"publish","type":"product","link":"https:\/\/graverstvo.info\/trgovina\/izdelek\/graviran-obesek-za-macko\/","title":{"rendered":"Graviran obesek za ma\u010dko &#8211; Srce"},"content":{"rendered":"<p>Graviran obesek za ma\u010dko &#8211; Srce.<\/p>\n<ul>\n<li>Ve\u010dja varnost za va\u0161e hi\u0161ne ljubljen\u010dke<\/li>\n<li>Kovinski neizbrisljiv graviran obesek<\/li>\n<li>Na voljo v razli\u010dnih barvah &#8211; enkratna kombinacija z ovratnico<\/li>\n<li>Kakovosten obesek za dolgo obstojnost<\/li>\n<li>Z gravuro va\u0161ega telefona, e-maila,&#8230; ki omogo\u010da nekomu , ki je \u017eival na\u0161el, da vas takoj kontaktira<\/li>\n<li>Prilo\u017eena robustna rinka, ki pove\u017ee <a href=\"https:\/\/graverstvo.info\/trgovina\/product\/graviran-obesek-za-muce\/\">graviran obesek<\/a> z ovratnico<\/li>\n<li>Hitra izdelava 1-3 dni<\/li>\n<li>Ne povzro\u010da alergij<\/li>\n<li>Vodoodporen<\/li>\n<li>Velikost graviranega obeska <span id=\"sku_102271228964527_100014064_self\" class=\"val\" data-spm-anchor-id=\"a2g0s.9042311.0.i3.27424c4d5q3VlZ\">25 x 20 mm<\/span><\/li>\n<li>Lahek iz eloksiranega aluminija<\/li>\n<li>Neizbrisljiva gravura<\/li>\n<\/ul>\n<p>&nbsp;<\/p>\n<hr \/>\n<p>Zannimivost<\/p>\n<h3>Ma\u010dke skozi zgodovino<\/h3>\n<p>V pozni egip\u010danski dobi je boginja Bastet spremenila svojo podobo. Do takrat so jo namre\u010d upodabljali kot \u017eensko z ma\u010djo glavo, v poznej\u0161em obdobju pa so jo prikazovali kot ma\u010dko v celoti. Za Egip\u010dane je bila podoba milosti in bogov, zato so tudi ma\u010dke po bo\u017eje \u010dastili. \u010ce je kdo po\u0161kodoval ma\u010dko, je bil za to strogo kaznovan.V bogatih dru\u017einah so jih krasili z nakitom, ko pa je ma\u010dka umrla naravne smrti so jo mumificirali in pokopali v sarkofagu v njeni naravni obliki. Eden od razlogov za \u010da\u0161\u010denje ma\u010dk je bilo dejstvo, da so lovile glodavce, ki so povzro\u010dali \u0161kodo na polj\u0161\u010dinah, kar je prvi znani dokumentirani primer biolo\u0161kega nadzora \u0161kodljivcev.<\/p>\n<p>Kljub temu, da so Egip\u010dani skrbno varovali ma\u010dke pred tujci, so se jih polastili feni\u010danski trgovci, ki so jih zanesli v Evropo, poleg tega pa so jih iz Egipta kot koristne pomo\u010dnike v boju proti glodavcem tihotapili tudi potujo\u010di menihi na poti na Daljni vzhod in rimski vojaki. S \u0161irjenjem in prevzemanjem vloge delovne \u017eivali je kult ma\u010dke po\u010dasi zamrl. Kljub temu se je \u0161e ve\u010d stoletij kasneje na Kitajskem ohranilo prepri\u010danje, da prina\u0161ajo sre\u010do, na Japonskem pa so postavljali kipce ma\u010dk za odganjanje \u0161kodljivcev. Po vzponu kr\u0161\u010danstva v Evropi je \u017eelela cerkvena oblast tovrstna poganska verovanja zatreti, zato so za\u010deli prikazovati ma\u010dke v bolj zlove\u0161\u010di lu\u010di, kot prina\u0161alke nesre\u010de ali pomo\u010dnice \u010darovnic, kar se je v dolo\u010deni meri prav tako ohranilo do danes.<\/p>\n<p>Do preostanka sveta so ma\u010dke zanesli evropski izseljenci v dobi kolonizacije, spet v vlogi lovca na glodavce. \u017de Kolumbova odprava, ki je odkrila Novi svet, je imela na krovu ve\u010d ma\u010dk, ki so lovile podgane. Med pomor\u0161\u010daki se je na ta ra\u010dun razvila tudi vra\u017ea, da prina\u0161ajo sre\u010do in znajo napovedovati nevihte.<\/p>\n<hr \/>\n<p><a href=\"http:\/\/www.stampiljke.net\">www.stampiljke.net<\/a><\/p>\n","protected":false},"excerpt":{"rendered":"<p>Graviran obesek za ma\u010dko &#8211; Srce. Ve\u010dja varnost za va\u0161e hi\u0161ne ljubljen\u010dke Kovinski neizbrisljiv graviran obesek Na voljo v razli\u010dnih barvah &#8211; enkratna kombinacija z ovratnico Kakovosten obesek za dolgo obstojnost Z gravuro va\u0161ega telefona, e-maila,&#8230; ki omogo\u010da nekomu , ki je \u017eival na\u0161el, da vas takoj kontaktira Prilo\u017eena robustna rinka, ki pove\u017ee graviran obesek [&hellip;]<\/p>\n","protected":false},"featured_media":215,"template":"","meta":{"_monsterinsights_skip_tracking":false,"_monsterinsights_sitenote_active":false,"_monsterinsights_sitenote_note":"","_monsterinsights_sitenote_category":0,"loftloader_page_shortcode":""},"product_brand":[],"product_cat":[31,16],"product_tag":[20,22,19,18],"class_list":{"0":"post-179","1":"product","2":"type-product","3":"status-publish","4":"has-post-thumbnail","6":"product_cat-obeski-za-zivali","7":"product_cat-gravirani-obeski-za-muce","8":"product_tag-hisni_ljubljencki","9":"product_tag-muce","10":"product_tag-obesek_za_zivali_z_gravuro","11":"product_tag-zivali","12":"wcpa_has_options","14":"first","15":"instock","16":"sale","17":"sold-individually","18":"shipping-taxable","19":"purchasable","20":"product-type-variable"},"aioseo_notices":[],"_links":{"self":[{"href":"https:\/\/graverstvo.info\/trgovina\/wp-json\/wp\/v2\/product\/179","targetHints":{"allow":["GET"]}}],"collection":[{"href":"https:\/\/graverstvo.info\/trgovina\/wp-json\/wp\/v2\/product"}],"about":[{"href":"https:\/\/graverstvo.info\/trgovina\/wp-json\/wp\/v2\/types\/product"}],"wp:featuredmedia":[{"embeddable":true,"href":"https:\/\/graverstvo.info\/trgovina\/wp-json\/wp\/v2\/media\/215"}],"wp:attachment":[{"href":"https:\/\/graverstvo.info\/trgovina\/wp-json\/wp\/v2\/media?parent=179"}],"wp:term":[{"taxonomy":"product_brand","embeddable":true,"href":"https:\/\/graverstvo.info\/trgovina\/wp-json\/wp\/v2\/product_brand?post=179"},{"taxonomy":"product_cat","embeddable":true,"href":"https:\/\/graverstvo.info\/trgovina\/wp-json\/wp\/v2\/product_cat?post=179"},{"taxonomy":"product_tag","embeddable":true,"href":"https:\/\/graverstvo.info\/trgovina\/wp-json\/wp\/v2\/product_tag?post=179"}],"curies":[{"name":"wp","href":"https:\/\/api.w.org\/{rel}","templated":true}]}}