{"id":3,"date":"2019-07-07T07:56:53","date_gmt":"2019-07-07T07:56:53","guid":{"rendered":"https:\/\/graverstvo.info\/trgovina\/?page_id=3"},"modified":"2024-09-16T08:28:27","modified_gmt":"2024-09-16T07:28:27","slug":"privacy-policy","status":"publish","type":"page","link":"https:\/\/graverstvo.info\/trgovina\/privacy-policy\/","title":{"rendered":"Pogoji poslovanja in pi\u0161kotki"},"content":{"rendered":"\r\n<h2 class=\"wp-block-heading\"><\/h2>\r\n<p>SPLO\u0160NO<\/p>\r\n<p>V spletni trgovini lahko kupujete 24 ur na dan, 7 dni na teden. Uporaba je brezpla\u010dna. Naro\u010deno blago je kupec dol\u017ean prevzeti. Ob prevzemu je kupec dol\u017ean preveriti koli\u010dino in kvaliteto naro\u010denega blaga. Kupec ob prevzemu pla\u010da blago na na\u010din, ki ga je izbral ob potrjevanju naro\u010dila. Informacije o naro\u010dilu vam omogo\u010da spremljanje va\u0161ega nakupa od naro\u010dila do dostave. Slednja mo\u017enost vam je na voljo z izbiro opcije Moji podatki in nato Moja naro\u010dila, kjer lahko vedno ugotovite trenutni status va\u0161ega naro\u010dila. O statusu va\u0161ega naro\u010dila vas dosledno obve\u0161\u010damo tudi preko elektronske po\u0161te.<\/p>\r\n<p>NA\u010cIN PLA\u010cILA<\/p>\r\n<p>&#8211; Pla\u010dilo graviranih obeskov po povzetju je najbolj obi\u010dajno za majhna naro\u010dila.<br \/>&#8211; Pla\u010dilo graviranih obeskov po predra\u010dunu na TRR podjetja S tem potrdite naro\u010dilo in po prejemu pla\u010dila na na\u0161 TRR vam po dogovoru po\u0161ljemo blago.<br \/>&#8211; Pla\u010dilo graviranih obeskov z MASTERCAR in VISA karticami.<br \/>&#8211; Pla\u010dilo graviranih obeskov z PAYPAL<\/p>\r\n<p>CENE<\/p>\r\n<p>DDV ni obra\u010dunan v skladu s 1. to\u010dko 94. \u010dlena zakona o DDV<\/p>\r\n<p>REKLAMACIJE<\/p>\r\n<p>Vsako reklamacijo bomo posku\u0161ali re\u0161iti v korist kupca. Reklamacije na kupljeno blago se upo\u0161tevajo v skladu z dolo\u010dili Zakona o varstvu potro\u0161nikov. Stro\u0161ke vra\u010dila blaga v reklamacijo krije kupec, medtem, ko stro\u0161ke po\u0161iljanja nadomestnega blaga krije trgovec. Pisne reklamacije lahko naslavljate na emajl, ki je na dnu strani. Uporabite lahko tudi spletni obrazec za po\u0161iljanje sporo\u010dil.<\/p>\r\n<p>DOSTAVA<\/p>\r\n<p>Stro\u0161ek dostave zna\u0161a 4 eur .\u00a0 Pri pla\u010dilu z odkupnino zna\u0161a dopla\u010dilo 2 eur.<\/p>\r\n<p>PREKLIC NARO\u010cILA<\/p>\r\n<p>\u010ce je bilo blago v \u010dasu va\u0161ega preklica naro\u010dila \u017ee odposlano pa vam pripada pravica, da kupljeno blago na svoje stro\u0161ke v roku tridesetih dni od dneva prevzema vrnete v originalni in nepo\u0161kodovani embala\u017ei na naslov trgovca. \u010ce trgovec oceni, da blago ni v enakem (originalnem) stanju, kot je bilo ob prodaji posredovano kupcu, si le-ta pridr\u017euje pravico do od\u0161kodnine oziroma do ponovne &#8211; in tokrat nepreklicne &#8211; dostave tak\u0161nega blaga kupcu.<\/p>\r\n<p>Varovanje zasebnosti in Pi\u0161kotki<\/p>\r\n<p>Spletna trgovina vam omogo\u010da varno nakupovanje. To pomeni, da naredimo vse potrebno, da onemogo\u010dimo komurkoli nepoobla\u0161\u010deno prestrezanje podatkov, ki jih kupec posreduje izklju\u010dno in neposredno trgovcu.<\/p>\r\n<p>Podatke o kupcih hranimo zgolj toliko \u010dasa, kot jih potrebujemo za lastne potrebe. Po preteku tega roka bodo podatki o kupcu trajno pobrisani.<\/p>\r\n<p>Na izrecno \u017eeljo na\u0161ega kupca lahko njegove podatke pobri\u0161emo tudi prej. Vsi podatki, ki jih obiskovalec navede pri registraciji v na\u0161o spletno trgovino, so namenjeni zgolj in samo poslovanju spletne trgovine in se v nobenem primeru ne bodo uporabili v druge namene oz. ne bodo posredovani tretji osebi.<\/p>\r\n<p>Pi\u0161kotki (cookies) V spletni trgovini uporabljamo mehanizem pi\u0161kotkov (cookies) samo in izklju\u010dno za hranjenje za\u010dasnih podatkov &#8211; in predvsem brez va\u0161ih osebnih podatkov. Slednji so shranjeni izklju\u010dno na varovanem stre\u017eniku.<\/p>\r\n<p>\u010ce se torej po vsaki prijavi tudi odjavite iz na\u0161e spletne trgovine, lahko mirno nakupujete s katerega koli ra\u010dunalnika in tega ne bo opazil naslednji uporabnik tega ra\u010dunalnika. \u010ce nas obi\u0161\u010dete zgolj kot gost (brez prijave) je za brisanje pomembnih sledi dovolj \u017ee to, da zaprete okno z na\u0161o spletno trgovino.<\/p>\r\n<p>Vsi va\u0161i osebni podatki (naslovi, naro\u010dila, trenutna vsebina nakupovalne ko\u0161arice, ipd.) so<br \/>&#8211; varno shranjeni na stre\u017eniku, kjer niso na voljo oziroma kako druga\u010de dosegljivi nikomur drugemu.<br \/>&#8211; Dosegljivi so samo vam ob vpisu pravilnega uporabni\u0161kega imena in gesla, zato vam predlagamo, da te podatke varno shranite! .<\/p>\r\n<h2 class=\"wp-block-heading\"><\/h2>\r\n","protected":false},"excerpt":{"rendered":"<p>SPLO\u0160NO V spletni trgovini lahko kupujete 24 ur na dan, 7 dni na teden. Uporaba je brezpla\u010dna. Naro\u010deno blago je kupec dol\u017ean prevzeti. Ob prevzemu je kupec dol\u017ean preveriti koli\u010dino in kvaliteto naro\u010denega blaga. Kupec ob prevzemu pla\u010da blago na na\u010din, ki ga je izbral ob potrjevanju naro\u010dila. Informacije o naro\u010dilu vam omogo\u010da spremljanje va\u0161ega [&hellip;]<\/p>\n","protected":false},"author":10,"featured_media":0,"parent":0,"menu_order":0,"comment_status":"closed","ping_status":"closed","template":"","meta":{"_monsterinsights_skip_tracking":false,"_monsterinsights_sitenote_active":false,"_monsterinsights_sitenote_note":"","_monsterinsights_sitenote_category":0,"loftloader_page_shortcode":"","footnotes":""},"class_list":["post-3","page","type-page","status-publish","hentry"],"aioseo_notices":[],"_links":{"self":[{"href":"https:\/\/graverstvo.info\/trgovina\/wp-json\/wp\/v2\/pages\/3","targetHints":{"allow":["GET"]}}],"collection":[{"href":"https:\/\/graverstvo.info\/trgovina\/wp-json\/wp\/v2\/pages"}],"about":[{"href":"https:\/\/graverstvo.info\/trgovina\/wp-json\/wp\/v2\/types\/page"}],"author":[{"embeddable":true,"href":"https:\/\/graverstvo.info\/trgovina\/wp-json\/wp\/v2\/users\/10"}],"replies":[{"embeddable":true,"href":"https:\/\/graverstvo.info\/trgovina\/wp-json\/wp\/v2\/comments?post=3"}],"version-history":[{"count":4,"href":"https:\/\/graverstvo.info\/trgovina\/wp-json\/wp\/v2\/pages\/3\/revisions"}],"predecessor-version":[{"id":2118,"href":"https:\/\/graverstvo.info\/trgovina\/wp-json\/wp\/v2\/pages\/3\/revisions\/2118"}],"wp:attachment":[{"href":"https:\/\/graverstvo.info\/trgovina\/wp-json\/wp\/v2\/media?parent=3"}],"curies":[{"name":"wp","href":"https:\/\/api.w.org\/{rel}","templated":true}]}}