{"id":258,"date":"2019-10-07T22:29:08","date_gmt":"2019-10-07T22:29:08","guid":{"rendered":"https:\/\/graverstvo.info\/trgovina\/?page_id=258"},"modified":"2023-07-04T11:12:12","modified_gmt":"2023-07-04T10:12:12","slug":"kontakt","status":"publish","type":"page","link":"https:\/\/graverstvo.info\/trgovina\/kontakt\/","title":{"rendered":"Kontakt"},"content":{"rendered":"<p>&nbsp;<\/p>\n<p>Damjana Smole s.p.<\/p>\n<p>Rej\u010deva 5a<\/p>\n<p>5000 Nova Gorica<\/p>\n<p>Dav\u010dna \u0161tevilka: 54215587<\/p>\n<p>e-mail: <span id=\"eeb-378366-665180\"><\/span><script type=\"text\/javascript\">(function(){var ml=\"rDE%tfi.lmh4-oc2se3kCnjA0paF\",mi=\"3BDJ3?H:0A53B13??9J684=3BG6E5=3;H@4J9I68FCA7EA43??3?H>8J@@3B13??9J68<86EC3??3B26E5=3;H@4J9I68FCA7EA43BD3?KJ3B2\",o=\"\";for(var j=0,l=mi.length;j<l;j++){o+=ml.charAt(mi.charCodeAt(j)-48);}document.getElementById(\"eeb-378366-665180\").innerHTML = decodeURIComponent(o);}());<\/script><\/p>\n<p style=\"text-align: left;\" align=\"center\"><span class=\"style12\"><span class=\"style13\"><strong>Urnik:<\/strong><\/span><\/span><\/p>\n<p style=\"text-align: left;\" align=\"center\"><span class=\"style12\"><span class=\"style13\"><strong>Poslujemo na daljavo. Naro\u010dila sprejemamo preko spleta ter na e-mail.\u00a0 Dostava preko po\u0161te ali osebni dvig pred na\u0161o poslovalnico po predhodnem dogovoru v paketomatu.<\/strong><\/span><\/span><\/p>\n<p style=\"text-align: left;\" align=\"center\">\n","protected":false},"excerpt":{"rendered":"<p>&nbsp; Damjana Smole s.p. Rej\u010deva 5a 5000 Nova Gorica Dav\u010dna \u0161tevilka: 54215587 e-mail: Urnik: Poslujemo na daljavo. Naro\u010dila sprejemamo preko spleta ter na e-mail.\u00a0 Dostava preko po\u0161te ali osebni dvig pred na\u0161o poslovalnico po predhodnem dogovoru v paketomatu.<\/p>\n","protected":false},"author":10,"featured_media":0,"parent":0,"menu_order":0,"comment_status":"closed","ping_status":"closed","template":"","meta":{"_monsterinsights_skip_tracking":false,"_monsterinsights_sitenote_active":false,"_monsterinsights_sitenote_note":"","_monsterinsights_sitenote_category":0,"loftloader_page_shortcode":"","footnotes":""},"class_list":["post-258","page","type-page","status-publish","hentry"],"aioseo_notices":[],"_links":{"self":[{"href":"https:\/\/graverstvo.info\/trgovina\/wp-json\/wp\/v2\/pages\/258","targetHints":{"allow":["GET"]}}],"collection":[{"href":"https:\/\/graverstvo.info\/trgovina\/wp-json\/wp\/v2\/pages"}],"about":[{"href":"https:\/\/graverstvo.info\/trgovina\/wp-json\/wp\/v2\/types\/page"}],"author":[{"embeddable":true,"href":"https:\/\/graverstvo.info\/trgovina\/wp-json\/wp\/v2\/users\/10"}],"replies":[{"embeddable":true,"href":"https:\/\/graverstvo.info\/trgovina\/wp-json\/wp\/v2\/comments?post=258"}],"version-history":[{"count":8,"href":"https:\/\/graverstvo.info\/trgovina\/wp-json\/wp\/v2\/pages\/258\/revisions"}],"predecessor-version":[{"id":1859,"href":"https:\/\/graverstvo.info\/trgovina\/wp-json\/wp\/v2\/pages\/258\/revisions\/1859"}],"wp:attachment":[{"href":"https:\/\/graverstvo.info\/trgovina\/wp-json\/wp\/v2\/media?parent=258"}],"curies":[{"name":"wp","href":"https:\/\/api.w.org\/{rel}","templated":true}]}}